{"id":9,"date":"2020-01-31T21:43:33","date_gmt":"2020-01-31T21:43:33","guid":{"rendered":"https:\/\/hastamuerte.wpenginepowered.com\/?page_id=9"},"modified":"2025-11-05T13:30:08","modified_gmt":"2025-11-05T21:30:08","slug":"about-us","status":"publish","type":"page","link":"https:\/\/hastamuertecoffee.com\/es\/about-us\/","title":{"rendered":"Sobre La Colectiva"},"content":{"rendered":"<h2 class=\"wp-block-heading\"><br><\/h2>\n\n\n\n<h3 class=\"wp-block-heading\"><\/h3>\n\n\n\n<p>Como cooperativa de trabajadores, trabajamos duro para desaprender modos de existencia basados \u200b\u200ben el individualismo que se refuerzan constantemente bajo el capitalismo. Hemos tejido un mosaico de pr\u00e1cticas colectivas informadas por otros modelos cooperativos de negocio y vivienda, los m\u00e9todos colectivistas de supervivencia de nuestra gente e innovaciones pr\u00e1cticas exigidas por nuestras propias circunstancias.<\/p>\n\n\n\n<figure class=\"wp-block-image size-large\"><img loading=\"lazy\" decoding=\"async\" width=\"900\" height=\"600\" src=\"https:\/\/hastamuerte.wpenginepowered.com\/wp-content\/uploads\/2020\/04\/hmc-about-cafe-storefront.jpg\" alt=\"\" class=\"wp-image-68\" srcset=\"https:\/\/hastamuertecoffee.com\/wp-content\/uploads\/2020\/04\/hmc-about-cafe-storefront.jpg 900w, https:\/\/hastamuertecoffee.com\/wp-content\/uploads\/2020\/04\/hmc-about-cafe-storefront-300x200.jpg 300w, https:\/\/hastamuertecoffee.com\/wp-content\/uploads\/2020\/04\/hmc-about-cafe-storefront-768x512.jpg 768w\" sizes=\"auto, (max-width: 900px) 100vw, 900px\" \/><\/figure>\n\n\n\n<h3 class=\"wp-block-heading\"><\/h3>\n\n\n\n<p>Eso dicho, tenemos que sobrevivir bajo el capitalismo&#8230; Nuestra oferta de alimentos y bebidas est\u00e1 hecha para dar un sentido de originalidad y cari\u00f1o. Nuestros precios se establecen lo m\u00e1s bajo que podemos para cubrir nuestros costos y seguir nuestros esfuerzos. Nuestra tienda est\u00e1 en un edificio que convertimos en un fideicomiso de tierras para garantizar la asequibilidad a largo plazo, lo que nos permite a nosotres y a nuestres vecines residenciales de arriba permanecer aqu\u00ed.<\/p>\n\n\n\n<h3 class=\"wp-block-heading\"><\/h3>\n\n\n\n<figure class=\"wp-block-image size-large\"><img loading=\"lazy\" decoding=\"async\" width=\"1024\" height=\"768\" src=\"https:\/\/hastamuertecoffee.com\/wp-content\/uploads\/2024\/05\/P1080297-1024x768.jpg\" alt=\"\" class=\"wp-image-566\" srcset=\"https:\/\/hastamuertecoffee.com\/wp-content\/uploads\/2024\/05\/P1080297-1024x768.jpg 1024w, https:\/\/hastamuertecoffee.com\/wp-content\/uploads\/2024\/05\/P1080297-300x225.jpg 300w, https:\/\/hastamuertecoffee.com\/wp-content\/uploads\/2024\/05\/P1080297-768x576.jpg 768w, https:\/\/hastamuertecoffee.com\/wp-content\/uploads\/2024\/05\/P1080297-1536x1152.jpg 1536w, https:\/\/hastamuertecoffee.com\/wp-content\/uploads\/2024\/05\/P1080297-2048x1536.jpg 2048w\" sizes=\"auto, (max-width: 1024px) 100vw, 1024px\" \/><\/figure>\n\n\n\n<h3 class=\"wp-block-heading\"><\/h3>\n\n\n\n<p>Apoyamos todos los esfuerzos para mantener la vida de los despose\u00eddos en lugares como Oakland, donde los propietarios, los desarrolladores y el alto costo de vida empujan a las personas de bajos ingresos como nosotres a los m\u00e1rgenes.<\/p>\n\n\n\n<h3 class=\"wp-block-heading\"><\/h3>\n\n\n\n<p>Aqu\u00ed hay algunos ejemplos de fan art, cartas de amor y otras dedicatorias.<\/p>\n\n\n\n<p><\/p>","protected":false},"excerpt":{"rendered":"<p>Como cooperativa de trabajadores, trabajamos duro para desaprender modos de existencia basados \u200b\u200ben el individualismo que se refuerzan constantemente bajo el capitalismo. Hemos tejido un mosaico de pr\u00e1cticas colectivas informadas por otros modelos cooperativos de negocio y vivienda, los m\u00e9todos colectivistas de supervivencia de nuestra gente e innovaciones pr\u00e1cticas exigidas por nuestras propias circunstancias. Eso &hellip; <a href=\"https:\/\/hastamuertecoffee.com\/es\/about-us\/\">Continued<\/a><\/p>\n","protected":false},"author":13,"featured_media":0,"parent":0,"menu_order":0,"comment_status":"closed","ping_status":"closed","template":"","meta":{"_acf_changed":true,"footnotes":""},"class_list":["post-9","page","type-page","status-publish","hentry"],"acf":[],"aioseo_notices":[],"_links":{"self":[{"href":"https:\/\/hastamuertecoffee.com\/es\/wp-json\/wp\/v2\/pages\/9","targetHints":{"allow":["GET"]}}],"collection":[{"href":"https:\/\/hastamuertecoffee.com\/es\/wp-json\/wp\/v2\/pages"}],"about":[{"href":"https:\/\/hastamuertecoffee.com\/es\/wp-json\/wp\/v2\/types\/page"}],"author":[{"embeddable":true,"href":"https:\/\/hastamuertecoffee.com\/es\/wp-json\/wp\/v2\/users\/13"}],"replies":[{"embeddable":true,"href":"https:\/\/hastamuertecoffee.com\/es\/wp-json\/wp\/v2\/comments?post=9"}],"version-history":[{"count":0,"href":"https:\/\/hastamuertecoffee.com\/es\/wp-json\/wp\/v2\/pages\/9\/revisions"}],"wp:attachment":[{"href":"https:\/\/hastamuertecoffee.com\/es\/wp-json\/wp\/v2\/media?parent=9"}],"curies":[{"name":"wp","href":"https:\/\/api.w.org\/{rel}","templated":true}]}}